{"id":23,"date":"2017-03-23T11:13:10","date_gmt":"2017-03-23T11:13:10","guid":{"rendered":"https:\/\/themify.me\/demo\/themes\/ultra-accountant\/?page_id=6376"},"modified":"2024-07-10T00:07:59","modified_gmt":"2024-07-09T22:07:59","slug":"about-us","status":"publish","type":"page","link":"https:\/\/www.brainperception.com\/index.php\/about-us\/","title":{"rendered":"Nous d\u00e9couvrir"},"content":{"rendered":"<div id=\"themify_builder_content-23\" data-postid=\"23\" class=\"themify_builder_content themify_builder_content-23 themify_builder\">\n\n    \t\n\t\t<!-- module_row -->\n\t\t\t<div  class=\"themify_builder_row module_row clearfix vertical-divider row-newsletter input-bg-white fullcover bg-position-center-bottom fullwidth module_row_0 themify_builder_23_row module_row_23-0\">\n\t\t\t\t\t\t\n\t\t<div class=\"builder_row_cover\"><\/div>\n\t\t                                <div class=\"row_inner \" >\n\n                                    \n\t\t<div  class=\"tb-column col-full first module_column tb_23_column module_column_0 module_column_23-0-0\" >\n                                                                <div class=\"tb-column-inner\">\n                            \n    <!-- module fancy heading -->\n    <div  id=\"fancy-heading-23-0-0-0\" class=\"module module-fancy-heading fancy-heading-23-0-0-0  \">\n        <h1 class=\"fancy-heading themify-text-center\">\n        <span class=\"main-head\">BrainPerception, organisme de formation<\/span>\n        <span class=\"sub-head\">Vous guider vers votre voie royale<\/span>\n        <\/h1>\n    <\/div>\n    <!-- \/module fancy heading -->\n\n\n<!-- module text -->\n<div  id=\"text-23-0-0-1\" class=\"module module-text text-23-0-0-1  repeat \">\n            <h3 class=\"module-title\">Mobiliser l'intelligence collective des collaborateurs et des \u00e9quipes au service de leur transformation<\/h3>    \n    <p style=\"text-align: center;\">***<\/p>\n<p style=\"text-align: center;\">Nos accompagnements sur-mesure incluent<\/p>\n<p style=\"text-align: center;\">des prestations individuelles comme collectives<\/p>\n<p style=\"text-align: center;\">de profiling, de coaching, de formation,<\/p>\n<p style=\"text-align: center;\">de facilitation et de conseil<\/p>\n<p style=\"text-align: center;\">***<\/p><\/div>\n<!-- \/module text -->\n\n<!-- module text -->\n<div  id=\"text-23-0-0-2\" class=\"module module-text text-23-0-0-2  repeat \">\n            <h3 class=\"module-title\">Notre approche se veut globale, syst\u00e9mique et centr\u00e9e sur l'humain apprenant, au service de l'intention de transformation par la mont\u00e9e en comp\u00e9tences, l'exp\u00e9rimentation et l'ancrage d'une nouvelle posture ou l'incarnation d'une nouvelle culture<\/h3>    \n    <p style=\"text-align: center;\">***<\/p>\n<p style=\"text-align: center;\">Nous portons une attention toute particuli\u00e8re \u00e0 l&rsquo;inclusion des apprenants porteurs de handicap.<\/p>\n<p style=\"text-align: center;\">Nous sommes \u00e0 votre \u00e9coute pour adapter nos supports et notre p\u00e9dagogie, dans cette perspective.<\/p>\n<p style=\"text-align: center;\">***<\/p>\n<p>\u00a0<\/p><\/div>\n<!-- \/module text -->\n                        <\/div>\n                    \t\t<\/div>\n\t\t<!-- \/.tb-column -->\n\t\t\n\t\t\n                                <\/div>\n                                <!-- \/row_inner -->\n                        <\/div>\n                        <!-- \/module_row -->\n\t\t\t\n\t\t<!-- module_row -->\n\t\t\t<div  class=\"themify_builder_row module_row clearfix module_row_1 themify_builder_23_row module_row_23-1\">\n\t\t\t\t                                <div class=\"row_inner \" >\n\n                                    \n\t\t<div  class=\"tb-column col3-1 first module_column tb_23_column module_column_0 module_column_23-1-0 repeat\" >\n                                                                <div class=\"tb-column-inner\">\n                            \n<!-- module text -->\n<div  id=\"text-23-1-0-0\" class=\"module module-text text-23-1-0-0 dropcap repeat \">\n    \n    <p>L\u2019ambition de BrainPerception est d\u2019accompagner ses clients vers \u00ab\u00a0l\u2019individuellement plus performant\u00a0\u00bb et le \u00ab\u00a0collectivement plus intelligent\u00a0\u00bb\u00a0<\/p><\/div>\n<!-- \/module text -->\n                        <\/div>\n                    \t\t<\/div>\n\t\t<!-- \/.tb-column -->\n\t\t\n\t\t\n\t\t<div  class=\"tb-column col3-1 middle module_column tb_23_column module_column_1 module_column_23-1-1\" >\n                                                                <div class=\"tb-column-inner\">\n                            \n<!-- module text -->\n<div  id=\"text-23-1-1-0\" class=\"module module-text text-23-1-1-0  repeat \">\n    \n    <p>Notre chemin de r\u00e9solution place <strong>l\u2019individu au c\u0153ur du processus de changement<\/strong>, qu\u2019il s\u2019agisse d\u2019une transformation individuelle ou collective (\u00e9quipe ou entreprise).<\/p>\n<p><strong>Les consultants BrainPerception interviennent en posture Coach<\/strong> pour faciliter la transformation souhait\u00e9e, que celle-ci concerne une posture \u00e0 redessiner, une comp\u00e9tence \u00e0 acqu\u00e9rir, un objectif \u00e0 co-construire ou encore une situation conflictuelle \u00e0 d\u00e9bloquer.<\/p><\/div>\n<!-- \/module text -->\n                        <\/div>\n                    \t\t<\/div>\n\t\t<!-- \/.tb-column -->\n\t\t\n\t\t\n\t\t<div  class=\"tb-column col3-1 last module_column tb_23_column module_column_2 module_column_23-1-2 repeat\" >\n                                                                <div class=\"tb-column-inner\">\n                            \n<!-- module text -->\n<div  id=\"text-23-1-2-0\" class=\"module module-text text-23-1-2-0  repeat \">\n    \n    <ul>\n<li>\u00ab\u00a0<strong>Brain<\/strong>\u00a0\u00bb, le cerveau, centre de pilotage du syst\u00e8me, en lien d\u2019\u00e9mission et de r\u00e9ception avec la conscience inconsciente des cellules du corps via les terminaisons nerveuses. Notre vocation ?\u00a0 Redonner sa place \u00e0 l&rsquo;h\u00e9misph\u00e8re droit peu reconnu et mal exploit\u00e9 dans notre soci\u00e9t\u00e9.<\/li>\n<li>\u00ab\u00a0<strong>Perception<\/strong>\u00a0\u00bb en rapport \u00e0 l\u2019exp\u00e9rience subjective de tout \u00eatre humain, \u00e0 sa propre r\u00e9alit\u00e9. Peu importe l\u2019intention de celui qui parle, celui qui fait le message est le destinataire.<\/li>\n<\/ul><\/div>\n<!-- \/module text -->\n                        <\/div>\n                    \t\t<\/div>\n\t\t<!-- \/.tb-column -->\n\t\t\n\t\t\n                                <\/div>\n                                <!-- \/row_inner -->\n                        <\/div>\n                        <!-- \/module_row -->\n\t\t\t\n\t\t<!-- module_row -->\n\t\t\t<div  class=\"themify_builder_row module_row clearfix fullwidth module_row_2 themify_builder_23_row module_row_23-2\">\n\t\t\t\t                                <div class=\"row_inner \" >\n\n                                    \n\t\t<div  class=\"tb-column col-full first module_column tb_23_column module_column_0 module_column_23-2-0\" >\n                                                                <div class=\"tb-column-inner\">\n                            \n    <div class=\"themify_builder_slider_loader\"><\/div>\n    <div id=\"testimonial-slider-23-2-0-0\" class=\"module module-testimonial-slider testimonial-slider-23-2-0-0 themify_builder_slider_wrap clearfix testimonials image-bottom wow fadeInUp themify_builder_slider_vertical\">\n                <ul class=\"themify_builder_slider\"\n            data-id=\"testimonial-slider-23-2-0-0\" \n            data-visible=\"1\" \n            data-scroll=\"1\" \n            data-auto-scroll=\"off\"\n            data-speed=\"1\"\n            data-wrap=\"yes\"\n            data-arrow=\"yes\"\n            data-pagination=\"no\"\n            data-effect=\"cover-fade\" \n            data-height=\"variable\" \n            data-pause-on-hover=\"resume\"\n            >\n                        <li>\n            <div >\n                \t\n\n                \n                <div class=\"testimonial-content\">\n                                            <h3 class=\"testimonial-title\">\"Par essence et par les sens, BrainPerception cristallise ce pouvoir de la volont\u00e9 c\u00e9r\u00e9brale en \u00e9cho \u00e0 la subjectivit\u00e9 de la r\u00e9alit\u00e9 per\u00e7ue.\" <\/h3>\n                                                                                    <figure class=\"testimonial-image\"><img decoding=\"async\" src=\"http:\/\/www.brainperception.com\/wp-content\/uploads\/2018\/02\/Photo-Valentine.png\" alt=\"&quot;Par essence et par les sens, BrainPerception cristallise ce pouvoir de la volont\u00e9 c\u00e9r\u00e9brale en \u00e9cho \u00e0 la subjectivit\u00e9 de la r\u00e9alit\u00e9 per\u00e7ue.&quot; \" \/><\/figure>\n                    \n                                            <div class=\"testimonial-author\">\n                            <div class=\"person-name\">Valentine Viard<\/div>\n                            <div class=\"person-company\">\n                                                                    <span class=\"person-position\">founder & president<\/span>\n                                                                                            <\/div>\n                        <\/div>\n                                    <\/div>\n                <!-- \/testimonial-content -->\n            <\/div>\n        <\/li>\n            <\/ul>\n    <\/div>\n        \n                        <\/div>\n                    \t\t<\/div>\n\t\t<!-- \/.tb-column -->\n\t\t\n\t\t\n                                <\/div>\n                                <!-- \/row_inner -->\n                        <\/div>\n                        <!-- \/module_row -->\n\t\t\t\n\t\t<!-- module_row -->\n\t\t\t<div  class=\"themify_builder_row module_row clearfix repeat fullwidth module_row_3 themify_builder_23_row module_row_23-3\">\n\t\t\t\t                                <div class=\"row_inner \" >\n\n                                    \n\t\t<div  class=\"tb-column col-full first module_column tb_23_column module_column_0 module_column_23-3-0\" >\n                                                                <div class=\"tb-column-inner\">\n                            \n    <!-- module fancy heading -->\n    <div  id=\"fancy-heading-23-3-0-0\" class=\"module module-fancy-heading fancy-heading-23-3-0-0  \">\n        <h2 class=\"fancy-heading themify-text-center\">\n        <span class=\"main-head\">Customers' words<\/span>\n        <span class=\"sub-head\">Nos clients partagent leurs exp\u00e9riences de collaboration<\/span>\n        <\/h2>\n    <\/div>\n    <!-- \/module fancy heading -->\n\n\t\t<div class=\"themify_builder_sub_row module_subrow clearfix sub_row_3-0-1\">\n\t\t                    <div class=\"subrow_inner \" >\n                                       <div style=\"width:10.8%;\" class=\"col3-1 sub_column module_column first sub_column_post_23 sub_column_3-0-1-0\"> \n                                                              <div class=\"tb-column-inner\">\n                            \n    <!-- module a\/b image -->\n    <div  id=\"ab-image-23-sub_row_3-0-1-0-0\" class=\"module module-ab-image ab-image-23-sub_row_3-0-1-0-0  \">\n\n        \n        \n        <div id=\"ab-image-ab-image-23-sub_row_3-0-1-0-0\" class=\"twentytwenty-container ab-image\" data-orientation=\"horizontal\" style='max-width: 200px;'>\n                        <img decoding=\"async\" loading=\"lazy\" src=\"http:\/\/www.brainperception.com\/wp-content\/uploads\/2020\/05\/Logo-La-Pizza-du-Dimanche-Soir-1024x973-200x200.png\" width=\"200\" height=\"200\" class=\" wp-post-image wp-image-175\" alt=\"Logo La Pizza du Dimanche Soir\" srcset=\"https:\/\/www.brainperception.com\/wp-content\/uploads\/2020\/05\/Logo-La-Pizza-du-Dimanche-Soir-1024x973-200x200.png 200w, https:\/\/www.brainperception.com\/wp-content\/uploads\/2020\/05\/Logo-La-Pizza-du-Dimanche-Soir-150x150.png 150w\" sizes=\"(max-width: 200px) 100vw, 200px\" \/>        <\/div>\n\n            <\/div>\n    <!-- \/module a\/b image -->\n\n                        <\/div>\n                                   <\/div>\n\t\t               <div style=\"width:86%;\" class=\"col3-2 sub_column module_column last sub_column_post_23 sub_column_3-0-1-1\"> \n                                                              <div class=\"tb-column-inner\">\n                            \n<!-- module text -->\n<div  id=\"text-23-sub_row_3-0-1-1-0\" class=\"module module-text text-23-sub_row_3-0-1-1-0  repeat \">\n            <h3 class=\"module-title\">La Pizza du Dimanche Soir<\/h3>    \n    <p>Fabrique de saveurs italiennes, concept unique de pizzas gastronomiques \u00e0 cuire soi-m\u00eame, \u00e9quipe d&rsquo;affreux jojos au service de clients\u00a0chouchout\u00e9s et enseigne au management multi-prim\u00e9.\u00a0<\/p>\n<p>Val\u00e9rie J\u00e9not-Laluque, fondatrice et g\u00e9rante de <a href=\"https:\/\/lapizzadudimanchesoir.fr\/\">La Pizza du Dimanche Soir<\/a> :<\/p>\n<p>\u00a0\u00ab <strong>Dans le contexte de notre forte croissance et de la constitution acc\u00e9l\u00e9r\u00e9e de nos \u00e9quipes en magasins, il \u00e9tait strat\u00e9gique pour nous d\u2019assoir une coh\u00e9sion d\u2019\u00e9quipe et de former nos collaborateurs pour incarner les valeurs fondatrices de la marque. L\u2019accompagnement sur-mesure de BrainPerception nous a permis de traduire notre ADN en comportements authentiques pour chacun des collaborateurs travaillant directement ou indirectement ensemble. Nous avons particuli\u00e8rement appr\u00e9ci\u00e9 la capacit\u00e9 de Valentine Viard \u00e0 comprendre les contours de notre besoin et appr\u00e9hender la qualit\u00e9 relationnelle que nous attendons de nos employ\u00e9s aupr\u00e8s de notre client\u00e8le. A l\u2019issue de la journ\u00e9e de formation pass\u00e9e ensemble, nos collaborateurs en redemandaient\u00a0! Leurs retours nous ont confort\u00e9s dans la n\u00e9cessit\u00e9 de ces moments de partage de meilleures pratiques et de prise de recul sur les situations \u00e9motionnelles qui peuvent se vivre en magasin et en \u00e9quipe. Le cadre de confiance coconstruit par les collaborateurs a permis aux diff\u00e9rentes \u00e9quipes de se sentir encore plus soud\u00e9es. Et les mises en situations v\u00e9cues durant cette formation ont fait bouger les lignes pour que chacun fasse \u00e9voluer sa posture en se connectant \u00e0 ses points forts. Notre culture d\u2019entreprise s\u2019est ancr\u00e9e et nous partageons depuis une ambition concr\u00e8tement align\u00e9e<\/strong>.\u00a0\u00a0\u00bb<\/p><\/div>\n<!-- \/module text -->\n                        <\/div>\n                                   <\/div>\n\t\t                    <\/div>\n                <\/div><!-- \/themify_builder_sub_row -->\n                \t\t<div class=\"themify_builder_sub_row module_subrow clearfix sub_row_3-0-2\">\n\t\t                    <div class=\"subrow_inner \" >\n                                       <div style=\"width:10.8%;\" class=\"col3-1 sub_column module_column first sub_column_post_23 sub_column_3-0-2-0\"> \n                                                              <div class=\"tb-column-inner\">\n                            \n    <!-- module a\/b image -->\n    <div  id=\"ab-image-23-sub_row_3-0-2-0-0\" class=\"module module-ab-image ab-image-23-sub_row_3-0-2-0-0  \">\n\n        \n        \n        <div id=\"ab-image-ab-image-23-sub_row_3-0-2-0-0\" class=\"twentytwenty-container ab-image\" data-orientation=\"horizontal\" style='max-width: 200px;'>\n                        <img decoding=\"async\" loading=\"lazy\" src=\"http:\/\/www.brainperception.com\/wp-content\/uploads\/2020\/04\/Les-Petites-Mondaines-Jeune-Fille-au-Chien-200x200.jpg\" width=\"200\" height=\"200\" class=\" wp-post-image wp-image-159\" alt=\"poup\u00e9e Les Petites Mondaines la Jeune Fille au Chien\" srcset=\"https:\/\/www.brainperception.com\/wp-content\/uploads\/2020\/04\/Les-Petites-Mondaines-Jeune-Fille-au-Chien-200x200.jpg 200w, https:\/\/www.brainperception.com\/wp-content\/uploads\/2020\/04\/Les-Petites-Mondaines-Jeune-Fille-au-Chien-150x150.jpg 150w\" sizes=\"(max-width: 200px) 100vw, 200px\" \/>        <\/div>\n\n            <\/div>\n    <!-- \/module a\/b image -->\n\n                        <\/div>\n                                   <\/div>\n\t\t               <div style=\"width:86%;\" class=\"col3-2 sub_column module_column last sub_column_post_23 sub_column_3-0-2-1\"> \n                                                              <div class=\"tb-column-inner\">\n                            \n<!-- module text -->\n<div  id=\"text-23-sub_row_3-0-2-1-0\" class=\"module module-text text-23-sub_row_3-0-2-1-0  repeat \">\n            <h3 class=\"module-title\">Les Petites Mondaines<\/h3>    \n    <p>Une communaut\u00e9 de 31K fans, un concept unique de poup\u00e9es faites main et l&rsquo;\u00e9vocation incarn\u00e9e d&rsquo;un univers romantique et doux, mis en sc\u00e8ne et photographi\u00e9 par leur cr\u00e9atrice, Sandrine.<\/p>\n<p>Sandrine, cr\u00e9atrice de \u00ab\u00a0<a href=\"https:\/\/www.facebook.com\/lespetitesmondaines\/\">Les Petites Mondaines<\/a>\u00ab\u00a0, f\u00e9vrier 2017:<\/p>\n<p>\u00ab <strong>Ce que je retiens de ma collaboration avec BrainPerception, c\u2019est avant tout une d\u00e9marche sur-mesure en \u00e9cho \u00e0 ma demande initiale et surtout \u00e0 mon besoin affin\u00e9 et inconscient au d\u00e9part. Valentine a su rapidement r\u00e9pondre \u00e0 mon objectif strat\u00e9gique, tout en formalisant l\u2019excellence du concept \u00ab\u00a0Les Petites Mondaines\u00a0\u00bb. Et au del\u00e0 de mes attentes initiales, notre collaboration m\u2019a permis de me recentrer sur la v\u00e9ritable \u00abraison d&rsquo;\u00eatre\u00bb de ma marque, sur mon authentique app\u00e9tence \u00e0 faire. C\u2019est gr\u00e2ce \u00e0 ce cheminement que j\u2019ai trouv\u00e9 l\u2019ultime vocation de ma cr\u00e9ation de cet univers, finalement plus large et porteuse de potentiel comme de satisfaction que l\u2019originelle id\u00e9e que je m\u2019en faisais. Start small, think big ! Merci !<\/strong> \u00bb<\/p><\/div>\n<!-- \/module text -->\n                        <\/div>\n                                   <\/div>\n\t\t                    <\/div>\n                <\/div><!-- \/themify_builder_sub_row -->\n                                        <\/div>\n                    \t\t<\/div>\n\t\t<!-- \/.tb-column -->\n\t\t\n\t\t\n                                <\/div>\n                                <!-- \/row_inner -->\n                        <\/div>\n                        <!-- \/module_row -->\n\t\t\t\n\t\t<!-- module_row -->\n\t\t\t<div  class=\"themify_builder_row module_row clearfix about-team repeat fullwidth module_row_4 themify_builder_23_row module_row_23-4\">\n\t\t\t\t                                <div class=\"row_inner gutter-none\" >\n\n                                    \n\t\t<div  class=\"tb-column col-full first module_column tb_23_column module_column_0 module_column_23-4-0\" >\n                                                                <div class=\"tb-column-inner\">\n                            \n    <!-- module fancy heading -->\n    <div  id=\"fancy-heading-23-4-0-0\" class=\"module module-fancy-heading fancy-heading-23-4-0-0  \">\n        <h1 class=\"fancy-heading themify-text-center\">\n        <span class=\"main-head\">Let's talk about how we can help YOU<\/span>\n        <span class=\"sub-head\">Vous \u00eates unique, votre ambition aussi<\/span>\n        <\/h1>\n    <\/div>\n    <!-- \/module fancy heading -->\n\n\n    <!-- module buttons -->\n    <div  id=\"buttons-23-4-0-1\" class=\"module module-buttons buttons-23-4-0-1  \">\n\n        \n        <div class=\"module-buttons xlarge circle\">\n                            <div class=\"module-buttons-item\">\n                                            <a href=\"mailto:valentine.viard@brainperception.com\" class=\"ui builder_button orange\"  target=\"_blank\" rel=\"noopener\">\n                                                                    <span>Contact Us<\/span>\n                                                <\/a>\n                                    <\/div>\n                    <\/div>\n    <\/div>\n    <!-- \/module buttons -->\n\n                        <\/div>\n                    \t\t<\/div>\n\t\t<!-- \/.tb-column -->\n\t\t\n\t\t\n                                <\/div>\n                                <!-- \/row_inner -->\n                        <\/div>\n                        <!-- \/module_row -->\n\t\t\t\n\t\t<!-- module_row -->\n\t\t\t<div  class=\"themify_builder_row module_row clearfix about-team repeat fullwidth module_row_5 themify_builder_23_row module_row_23-5\">\n\t\t\t\t                                <div class=\"row_inner gutter-none\" >\n\n                                    \n\t\t<div  class=\"tb-column col-full first module_column tb_23_column module_column_0 module_column_23-5-0\" >\n                                                                <div class=\"tb-column-inner\">\n                            \n    <!-- module fancy heading -->\n    <div  id=\"fancy-heading-23-5-0-0\" class=\"module module-fancy-heading fancy-heading-23-5-0-0  \">\n        <h1 class=\"fancy-heading themify-text-center\">\n        <span class=\"main-head\">Let's talk about how we can help YOU<\/span>\n        <span class=\"sub-head\">Vous \u00eates unique, votre ambition aussi<\/span>\n        <\/h1>\n    <\/div>\n    <!-- \/module fancy heading -->\n\n\n    <!-- module buttons -->\n    <div  id=\"buttons-23-5-0-1\" class=\"module module-buttons buttons-23-5-0-1  \">\n\n        \n        <div class=\"module-buttons xlarge circle\">\n                            <div class=\"module-buttons-item\">\n                                            <a href=\"mailto:valentine.viard@brainperception.com\" class=\"ui builder_button orange\"  target=\"_blank\" rel=\"noopener\">\n                                                                    <span>Contact Us<\/span>\n                                                <\/a>\n                                    <\/div>\n                    <\/div>\n    <\/div>\n    <!-- \/module buttons -->\n\n                        <\/div>\n                    \t\t<\/div>\n\t\t<!-- \/.tb-column -->\n\t\t\n\t\t\n                                <\/div>\n                                <!-- \/row_inner -->\n                        <\/div>\n                        <!-- \/module_row -->\n\t\t<\/div>\n","protected":false},"excerpt":{"rendered":"","protected":false},"author":1,"featured_media":0,"parent":0,"menu_order":0,"comment_status":"closed","ping_status":"closed","template":"","meta":[],"aioseo_notices":[],"_links":{"self":[{"href":"https:\/\/www.brainperception.com\/index.php\/wp-json\/wp\/v2\/pages\/23"}],"collection":[{"href":"https:\/\/www.brainperception.com\/index.php\/wp-json\/wp\/v2\/pages"}],"about":[{"href":"https:\/\/www.brainperception.com\/index.php\/wp-json\/wp\/v2\/types\/page"}],"author":[{"embeddable":true,"href":"https:\/\/www.brainperception.com\/index.php\/wp-json\/wp\/v2\/users\/1"}],"replies":[{"embeddable":true,"href":"https:\/\/www.brainperception.com\/index.php\/wp-json\/wp\/v2\/comments?post=23"}],"version-history":[{"count":121,"href":"https:\/\/www.brainperception.com\/index.php\/wp-json\/wp\/v2\/pages\/23\/revisions"}],"predecessor-version":[{"id":369,"href":"https:\/\/www.brainperception.com\/index.php\/wp-json\/wp\/v2\/pages\/23\/revisions\/369"}],"wp:attachment":[{"href":"https:\/\/www.brainperception.com\/index.php\/wp-json\/wp\/v2\/media?parent=23"}],"curies":[{"name":"wp","href":"https:\/\/api.w.org\/{rel}","templated":true}]}}